{"id":32,"date":"2012-03-19T19:19:09","date_gmt":"2012-03-19T19:19:09","guid":{"rendered":"http:\/\/tagesmutter-breckerfeld.de\/?page_id=32"},"modified":"2026-03-21T10:35:52","modified_gmt":"2026-03-21T10:35:52","slug":"konzept","status":"publish","type":"page","link":"https:\/\/tagesmutter-breckerfeld.de\/?page_id=32","title":{"rendered":"Konzept"},"content":{"rendered":"<p><strong>Jedes Kind ist einzigartig.<\/strong><\/p>\n<p>Ich m\u00f6chte ihr Kind f\u00f6rdern, unterst\u00fctzen, seinen individuellen Bed\u00fcrfnissen nachkommen und seine Pers\u00f6nlichkeit st\u00e4rken. Nach der Eingew\u00f6hnungsphase (die unterschiedlich lang sein kann) habe ich zu ihrem Kind eine Bindung aufgebaut, die dem Kind Sicherheit und Geborgenheit gibt. Die Eingew\u00f6hnung findet bei mir nach dem<br \/>\n&#8222;Berliner Modell&#8220; statt.<\/p>\n<p>Ich biete den Kindern Zeit zum freien Spiel und im kleinen, \u00fcberschaubaren Rahmen k\u00f6nnen Gruppenerfahrungen gemacht werden. Ein regelm\u00e4\u00dfiges Treffen mit anderen Tagesm\u00fcttern st\u00e4rkt das Sozialverhalten und bietet bei Urlaubszeiten oder krankheitsbedingtem Ausfall eine vertraute Vertretungsbetreuung.<\/p>\n<p>Kinder sind gerne drau\u00dfen. Deshalb stehen Aktivit\u00e4ten im Freien auf unserem Programm. Nach dem Sprichwort: <em>Es gibt kein schlechtes Wetter, nur schlechte Kleidung<\/em>.<\/p>\n<p>Die Bringzeiten der Kinder sind von 7:00 Uhr bis 7:45 Uhr. Um 8:00 Uhr beginnen wir mit dem gemeinsamen Fr\u00fchst\u00fcck. Danach ist Zeit zum Spielen, Basteln, Singen oder Spazierengehen . Gegen 11:00 Uhr fange ich an zu kochen und danach nehmen wir unser Mittagessen ein. Ab 12:00 Uhr ist Mittagsruhe.<\/p>\n","protected":false},"excerpt":{"rendered":"<p>Jedes Kind ist einzigartig. Ich m\u00f6chte ihr Kind f\u00f6rdern, unterst\u00fctzen, seinen individuellen Bed\u00fcrfnissen nachkommen und seine Pers\u00f6nlichkeit st\u00e4rken. Nach der Eingew\u00f6hnungsphase (die unterschiedlich lang sein kann) habe ich zu ihrem Kind eine Bindung aufgebaut, die dem Kind Sicherheit und Geborgenheit &hellip; <a href=\"https:\/\/tagesmutter-breckerfeld.de\/?page_id=32\">Weiterlesen <span class=\"meta-nav\">&rarr;<\/span><\/a><\/p>\n","protected":false},"author":1,"featured_media":0,"parent":0,"menu_order":0,"comment_status":"closed","ping_status":"closed","template":"","meta":{"footnotes":""},"class_list":["post-32","page","type-page","status-publish","hentry"],"_links":{"self":[{"href":"https:\/\/tagesmutter-breckerfeld.de\/index.php?rest_route=\/wp\/v2\/pages\/32","targetHints":{"allow":["GET"]}}],"collection":[{"href":"https:\/\/tagesmutter-breckerfeld.de\/index.php?rest_route=\/wp\/v2\/pages"}],"about":[{"href":"https:\/\/tagesmutter-breckerfeld.de\/index.php?rest_route=\/wp\/v2\/types\/page"}],"author":[{"embeddable":true,"href":"https:\/\/tagesmutter-breckerfeld.de\/index.php?rest_route=\/wp\/v2\/users\/1"}],"replies":[{"embeddable":true,"href":"https:\/\/tagesmutter-breckerfeld.de\/index.php?rest_route=%2Fwp%2Fv2%2Fcomments&post=32"}],"version-history":[{"count":7,"href":"https:\/\/tagesmutter-breckerfeld.de\/index.php?rest_route=\/wp\/v2\/pages\/32\/revisions"}],"predecessor-version":[{"id":92,"href":"https:\/\/tagesmutter-breckerfeld.de\/index.php?rest_route=\/wp\/v2\/pages\/32\/revisions\/92"}],"wp:attachment":[{"href":"https:\/\/tagesmutter-breckerfeld.de\/index.php?rest_route=%2Fwp%2Fv2%2Fmedia&parent=32"}],"curies":[{"name":"wp","href":"https:\/\/api.w.org\/{rel}","templated":true}]}}