{"id":30,"date":"2012-03-19T19:16:49","date_gmt":"2012-03-19T19:16:49","guid":{"rendered":"http:\/\/tagesmutter-breckerfeld.de\/?page_id=30"},"modified":"2026-03-21T10:44:54","modified_gmt":"2026-03-21T10:44:54","slug":"rahmenbedingungen","status":"publish","type":"page","link":"https:\/\/tagesmutter-breckerfeld.de\/?page_id=30","title":{"rendered":"Rahmenbedingungen"},"content":{"rendered":"<p>Unser Haus befindet sich am Ende einer Sackgasse mitten in Breckerfeld. Wald und Wiesen sind direkt vor unserer Haust\u00fcr und dennoch sind mehrere Spielpl\u00e4tze im Ort zu Fu\u00df zu erreichen. Auch in unserem gro\u00dfen Garten gibt es viele M\u00f6glichkeiten sich auszutoben und zu forschen. Neben einer gro\u00dfen und kleinen Rutsche, einem Sandkasten, einem Spielhaus und einer Schaukel steht auch im Sommer ein Planschbecken zur Verf\u00fcgung. Bobby Car, Roller, Laufrad, Schubkarre und Dreirad sind vorhanden.\u00a0<\/p>\r\n<p>In der ersten Etage unseres Hauses steht ein 16 m\u00b2 gro\u00dfes Spielzimmer zum Spielen, Basteln, Vorlesen und Singen zur Verf\u00fcgung. Es sind Duplo-Steine, Kugelbahn, Kaufladen\/K\u00fcche, Brummkreisel, B\u00fccher, Spiele und mehr vorhanden.<\/p>\r\n<p>F\u00fcr die Ruhezeiten steht ein separater Raum in der selben Etage zu Verf\u00fcgung. Unsere Wohnung ist kindersicher eingerichtet und mit Brandmeldern ausgestattet.<\/p>\r\n<p>Die Betreuungszeiten sind in der Zeit von 7:00 Uhr bis 15:00 Uhr von Montag bis Donnertag nach Absprache buchbar.<\/p>\r\n\r\n<p>&nbsp;<\/p>\r\n","protected":false},"excerpt":{"rendered":"<p>Unser Haus befindet sich am Ende einer Sackgasse mitten in Breckerfeld. Wald und Wiesen sind direkt vor unserer Haust\u00fcr und dennoch sind mehrere Spielpl\u00e4tze im Ort zu Fu\u00df zu erreichen. Auch in unserem gro\u00dfen Garten gibt es viele M\u00f6glichkeiten sich &hellip; <a href=\"https:\/\/tagesmutter-breckerfeld.de\/?page_id=30\">Weiterlesen <span class=\"meta-nav\">&rarr;<\/span><\/a><\/p>\n","protected":false},"author":1,"featured_media":0,"parent":0,"menu_order":0,"comment_status":"closed","ping_status":"closed","template":"","meta":{"footnotes":""},"class_list":["post-30","page","type-page","status-publish","hentry"],"_links":{"self":[{"href":"https:\/\/tagesmutter-breckerfeld.de\/index.php?rest_route=\/wp\/v2\/pages\/30","targetHints":{"allow":["GET"]}}],"collection":[{"href":"https:\/\/tagesmutter-breckerfeld.de\/index.php?rest_route=\/wp\/v2\/pages"}],"about":[{"href":"https:\/\/tagesmutter-breckerfeld.de\/index.php?rest_route=\/wp\/v2\/types\/page"}],"author":[{"embeddable":true,"href":"https:\/\/tagesmutter-breckerfeld.de\/index.php?rest_route=\/wp\/v2\/users\/1"}],"replies":[{"embeddable":true,"href":"https:\/\/tagesmutter-breckerfeld.de\/index.php?rest_route=%2Fwp%2Fv2%2Fcomments&post=30"}],"version-history":[{"count":8,"href":"https:\/\/tagesmutter-breckerfeld.de\/index.php?rest_route=\/wp\/v2\/pages\/30\/revisions"}],"predecessor-version":[{"id":96,"href":"https:\/\/tagesmutter-breckerfeld.de\/index.php?rest_route=\/wp\/v2\/pages\/30\/revisions\/96"}],"wp:attachment":[{"href":"https:\/\/tagesmutter-breckerfeld.de\/index.php?rest_route=%2Fwp%2Fv2%2Fmedia&parent=30"}],"curies":[{"name":"wp","href":"https:\/\/api.w.org\/{rel}","templated":true}]}}