{"id":18,"date":"2012-03-19T18:56:44","date_gmt":"2012-03-19T18:56:44","guid":{"rendered":"http:\/\/tagesmutter-breckerfeld.de\/?page_id=18"},"modified":"2026-03-21T10:37:01","modified_gmt":"2026-03-21T10:37:01","slug":"uber-mich","status":"publish","type":"page","link":"https:\/\/tagesmutter-breckerfeld.de\/?page_id=18","title":{"rendered":"\u00dcber mich"},"content":{"rendered":"<p>Mein Name ist Bianca Wippermann und ich bin im Juli 1973 geboren. Ich habe mit meinem Mann Matthias zwei T\u00f6chter, Antonia (geb.2003) und Pauline(geb.2007). Seit Juli 2011 arbeite ich als Tagesmutter und betreue zurzeit vier bis f\u00fcnf Kinder.<\/p>\n<p>Ich habe im Dezember 2011 eine Qualifizierung nach den Richtlinien des DJI-Curriculums zur Kindertagespflegeperson abgeschlossen. Im Oktober 2023 habe ich eine weitere Grundausbildung gem\u00e4\u00df dem Qualifizierungshandbuch f\u00fcr Bildung und Betreuung von Kindern unter drei Jahren abgeschlossen. Ich besitze eine Pflegeerlaubnis des Jugendamtes Ennepetal, welche regelm\u00e4\u00dfig \u00fcberpr\u00fcft und erneuert wird. Erste-Hilfe-Kurse am Kind und Fortbildungen\u00a0 frische ich regelm\u00e4\u00dfig auf.<\/p>\n<p>Von 2008 bis 2013 habe ich mehrere Spielkreisgruppen in der ev. Kirchengemeinde Breckerfeld geleitet.<\/p>\n<p>Ich habe eine Ausbildung zur Einzelhandelskauffrau gemacht, viele Jahre meinen Beruf im &#8222;Schaukelpferdchen&#8220; in Hagen ausge\u00fcbt und dort viele sch\u00f6ne Spielwaren f\u00fcr gro\u00dfe und kleine Leute verkauft.<\/p>\n<p>In Zukunft werde ich an Treffen mit anderen Tagesm\u00fcttern und Einladungen seitens des Jugendamtes teilnehmen.<\/p>\n<p>Ich bin flexibel, kreativ, naturverbunden und\u00a0 zuverl\u00e4ssig.<\/p>\n<p><a href=\"https:\/\/tagesmutter-breckerfeld.de\/wp-content\/uploads\/2026\/03\/Zertifikat-KTTP-2023.pdf\">Zertifikat Kindertagespflege 2023<\/a><\/p>\n<p><a href=\"https:\/\/tagesmutter-breckerfeld.de\/wp-content\/uploads\/2026\/03\/Zertifikat-KTTP-2011.pdf\">Zertifikat Kindertagespflege 2011<\/a><\/p>\n","protected":false},"excerpt":{"rendered":"<p>Mein Name ist Bianca Wippermann und ich bin im Juli 1973 geboren. Ich habe mit meinem Mann Matthias zwei T\u00f6chter, Antonia (geb.2003) und Pauline(geb.2007). Seit Juli 2011 arbeite ich als Tagesmutter und betreue zurzeit vier bis f\u00fcnf Kinder. Ich habe &hellip; <a href=\"https:\/\/tagesmutter-breckerfeld.de\/?page_id=18\">Weiterlesen <span class=\"meta-nav\">&rarr;<\/span><\/a><\/p>\n","protected":false},"author":1,"featured_media":0,"parent":0,"menu_order":0,"comment_status":"closed","ping_status":"closed","template":"","meta":{"footnotes":""},"class_list":["post-18","page","type-page","status-publish","hentry"],"_links":{"self":[{"href":"https:\/\/tagesmutter-breckerfeld.de\/index.php?rest_route=\/wp\/v2\/pages\/18","targetHints":{"allow":["GET"]}}],"collection":[{"href":"https:\/\/tagesmutter-breckerfeld.de\/index.php?rest_route=\/wp\/v2\/pages"}],"about":[{"href":"https:\/\/tagesmutter-breckerfeld.de\/index.php?rest_route=\/wp\/v2\/types\/page"}],"author":[{"embeddable":true,"href":"https:\/\/tagesmutter-breckerfeld.de\/index.php?rest_route=\/wp\/v2\/users\/1"}],"replies":[{"embeddable":true,"href":"https:\/\/tagesmutter-breckerfeld.de\/index.php?rest_route=%2Fwp%2Fv2%2Fcomments&post=18"}],"version-history":[{"count":11,"href":"https:\/\/tagesmutter-breckerfeld.de\/index.php?rest_route=\/wp\/v2\/pages\/18\/revisions"}],"predecessor-version":[{"id":93,"href":"https:\/\/tagesmutter-breckerfeld.de\/index.php?rest_route=\/wp\/v2\/pages\/18\/revisions\/93"}],"wp:attachment":[{"href":"https:\/\/tagesmutter-breckerfeld.de\/index.php?rest_route=%2Fwp%2Fv2%2Fmedia&parent=18"}],"curies":[{"name":"wp","href":"https:\/\/api.w.org\/{rel}","templated":true}]}}